{"id":48,"date":"2010-03-09T10:24:21","date_gmt":"2010-03-09T10:24:21","guid":{"rendered":"http:\/\/www.frauneder.com\/pail\/?page_id=48"},"modified":"2011-08-04T12:36:11","modified_gmt":"2011-08-04T12:36:11","slug":"herzlich-wilkommen","status":"publish","type":"page","link":"https:\/\/www.anwalt-oberwart.at\/","title":{"rendered":"Herzlich Willkommen!"},"content":{"rendered":"<p>Ich begr\u00fc\u00dfe Sie herzlich auf meiner Website und freue mich \u00fcber Ihr Interesse an meinen Leistungen.<\/p>\n<p style=\"text-align: center;\"><img loading=\"lazy\" decoding=\"async\" class=\"size-full wp-image-49  aligncenter\" title=\"eingang\" src=\"http:\/\/www.anwalt-oberwart.at\/wp-content\/uploads\/2010\/03\/eingang.jpg\" alt=\"Eingang\" width=\"426\" height=\"275\" srcset=\"https:\/\/www.anwalt-oberwart.at\/wp-content\/uploads\/2010\/03\/eingang.jpg 426w, https:\/\/www.anwalt-oberwart.at\/wp-content\/uploads\/2010\/03\/eingang-300x193.jpg 300w\" sizes=\"(max-width: 426px) 100vw, 426px\" \/><div class=\"fusszeile\"><img loading=\"lazy\" decoding=\"async\" src=\"https:\/\/www.anwalt-oberwart.at\/wp-content\/themes\/pail_cms\/images\/small-logo.gif\"class=\"fusszeile\" width=\"35\" height=\"46\" alt=\"kleines logo\"\/> F\u00fcr Ihr Recht - z\u00f6gern Sie nicht und kontaktieren Sie uns unter 0 33 52 323 24 - 0<\/div><\/p>\n","protected":false},"excerpt":{"rendered":"<p>Ich begr\u00fc\u00dfe Sie herzlich auf meiner Website und freue mich \u00fcber Ihr Interesse an meinen Leistungen.<\/p>\n","protected":false},"author":1,"featured_media":0,"parent":0,"menu_order":0,"comment_status":"open","ping_status":"open","template":"","meta":{"footnotes":""},"_links":{"self":[{"href":"https:\/\/www.anwalt-oberwart.at\/index.php?rest_route=\/wp\/v2\/pages\/48"}],"collection":[{"href":"https:\/\/www.anwalt-oberwart.at\/index.php?rest_route=\/wp\/v2\/pages"}],"about":[{"href":"https:\/\/www.anwalt-oberwart.at\/index.php?rest_route=\/wp\/v2\/types\/page"}],"author":[{"embeddable":true,"href":"https:\/\/www.anwalt-oberwart.at\/index.php?rest_route=\/wp\/v2\/users\/1"}],"replies":[{"embeddable":true,"href":"https:\/\/www.anwalt-oberwart.at\/index.php?rest_route=%2Fwp%2Fv2%2Fcomments&post=48"}],"version-history":[{"count":3,"href":"https:\/\/www.anwalt-oberwart.at\/index.php?rest_route=\/wp\/v2\/pages\/48\/revisions"}],"predecessor-version":[{"id":53,"href":"https:\/\/www.anwalt-oberwart.at\/index.php?rest_route=\/wp\/v2\/pages\/48\/revisions\/53"}],"wp:attachment":[{"href":"https:\/\/www.anwalt-oberwart.at\/index.php?rest_route=%2Fwp%2Fv2%2Fmedia&parent=48"}],"curies":[{"name":"wp","href":"https:\/\/api.w.org\/{rel}","templated":true}]}}