{"id":11,"date":"2010-02-10T17:18:28","date_gmt":"2010-02-10T17:18:28","guid":{"rendered":"http:\/\/www.frauneder.com\/pail\/?page_id=11"},"modified":"2021-01-25T08:03:42","modified_gmt":"2021-01-25T08:03:42","slug":"kanzlei","status":"publish","type":"page","link":"https:\/\/www.anwalt-oberwart.at\/?page_id=11","title":{"rendered":"Kanzlei"},"content":{"rendered":"<p>Dr. Gerhard Pail ist seit Juni 1992 als selbstst\u00e4ndiger Rechtsanwalt und Verteidiger in Strafsachen t\u00e4tig.<\/p>\n<p>Seit 1. J\u00e4nner 2009 erfolgt die Kanzleif\u00fchrung als Einzelanwalt. Gemeinsam mit dem Kanzleiteam werden Ihre Interessen und Anspr\u00fcche kompetent wahrgenommen und durchgesetzt.<\/p>\n<h3><strong>B\u00fcrozeiten<\/strong><\/h3>\n<p>Montag &#8211; Donnerstag<br \/>\n08:00 \u00a0 &#8211; \u00a0 12:00<br \/>\n13:00 \u00a0 &#8211; \u00a0 16:00<\/p>\n<p>Freitag<br \/>\n08:00 &#8211; 14:00<\/p>\n<div class=\"fusszeile\"><img loading=\"lazy\" decoding=\"async\" src=\"https:\/\/www.anwalt-oberwart.at\/wp-content\/themes\/pail_cms\/images\/small-logo.gif\"class=\"fusszeile\" width=\"35\" height=\"46\" alt=\"kleines logo\"\/> F\u00fcr Ihr Recht - z\u00f6gern Sie nicht und kontaktieren Sie uns unter 0 33 52 323 24 - 0<\/div>\n","protected":false},"excerpt":{"rendered":"<p>Dr. Gerhard Pail ist seit Juni 1992 als selbstst\u00e4ndiger Rechtsanwalt und Verteidiger in Strafsachen t\u00e4tig. Seit 1. J\u00e4nner 2009 erfolgt die Kanzleif\u00fchrung als Einzelanwalt. Gemeinsam mit dem Kanzleiteam werden Ihre Interessen und Anspr\u00fcche kompetent wahrgenommen und durchgesetzt. B\u00fcrozeiten Montag &#8211; Donnerstag 08:00 \u00a0 &#8211; \u00a0 12:00 13:00 \u00a0 &#8211; \u00a0 16:00 Freitag 08:00 &#8211; 14:00<\/p>\n","protected":false},"author":1,"featured_media":0,"parent":0,"menu_order":0,"comment_status":"open","ping_status":"open","template":"","meta":{"footnotes":""},"_links":{"self":[{"href":"https:\/\/www.anwalt-oberwart.at\/index.php?rest_route=\/wp\/v2\/pages\/11"}],"collection":[{"href":"https:\/\/www.anwalt-oberwart.at\/index.php?rest_route=\/wp\/v2\/pages"}],"about":[{"href":"https:\/\/www.anwalt-oberwart.at\/index.php?rest_route=\/wp\/v2\/types\/page"}],"author":[{"embeddable":true,"href":"https:\/\/www.anwalt-oberwart.at\/index.php?rest_route=\/wp\/v2\/users\/1"}],"replies":[{"embeddable":true,"href":"https:\/\/www.anwalt-oberwart.at\/index.php?rest_route=%2Fwp%2Fv2%2Fcomments&post=11"}],"version-history":[{"count":8,"href":"https:\/\/www.anwalt-oberwart.at\/index.php?rest_route=\/wp\/v2\/pages\/11\/revisions"}],"predecessor-version":[{"id":138,"href":"https:\/\/www.anwalt-oberwart.at\/index.php?rest_route=\/wp\/v2\/pages\/11\/revisions\/138"}],"wp:attachment":[{"href":"https:\/\/www.anwalt-oberwart.at\/index.php?rest_route=%2Fwp%2Fv2%2Fmedia&parent=11"}],"curies":[{"name":"wp","href":"https:\/\/api.w.org\/{rel}","templated":true}]}}